{"id":698,"date":"2025-03-11T10:29:34","date_gmt":"2025-03-11T14:29:34","guid":{"rendered":"https:\/\/sdns1.net\/?page_id=698"},"modified":"2025-03-11T10:30:02","modified_gmt":"2025-03-11T14:30:02","slug":"cloudsdns","status":"publish","type":"page","link":"https:\/\/sdns1.net\/?page_id=698","title":{"rendered":"CloudSDNS"},"content":{"rendered":"\n   \n    <section class=\"u-align-center u-clearfix u-container-align-center u-palette-1-base u-section-1\" id=\"sec-f60b\">\n      <div class=\"u-clearfix u-sheet u-sheet-1\">\n        <div class=\"u-absolute-hcenter-xs u-expanded-height-lg u-expanded-height-md u-expanded-height-xl u-expanded-height-xs u-palette-4-light-1 u-shape u-shape-rectangle u-shape-1\"><\/div>\n        <img decoding=\"async\" class=\"u-image u-image-1\" src=\"https:\/\/sdns1.net\/wp-content\/uploads\/2025\/03\/dfsfdsf-1.jpg\" data-image-width=\"1200\" data-image-height=\"900\">\n        <div class=\"u-align-left u-container-align-left u-container-style u-group u-white u-group-1\">\n          <div class=\"u-container-layout u-container-layout-1\">\n            <h3 class=\"u-text u-text-palette-1-base u-text-1\">Centre de donn\u00e9es s\u00e9curis\u00e9<\/h3>\n            <p class=\"u-text u-text-2\">Quis viverra nibh cras pulvinar mattis nunc sed. Lacus sed turpis tincidunt id aliquet risus feugiat in. Auctor augue mauris augue neque gravida in fermentum et. Feugiat in fermentum <a href=\"#\" class=\"u-border-1 u-border-black u-btn u-btn-1 u-button-link u-button-style u-none u-text-body-color\"> posuere <\/a> urna. \n            <\/p>\n            <p class=\"u-align-left u-text u-text-3\">Image de <a href=\"https:\/\/www.freepik.com\/vectors\/technology\" class=\"u-border-1 u-border-black u-btn u-btn-2 u-button-link u-button-style u-none u-text-body-color\" target=\"_blank\">Freepik<\/a>\n            <\/p>\n            <a href=\"#\" class=\"u-active-palette-4-light-1 u-btn u-btn-round u-button-style u-hover-palette-4-light-1 u-palette-1-base u-radius-50 u-text-active-palette-1-base u-text-body-alt-color u-text-hover-palette-1-base u-btn-3\">apprendre encore plus<\/a>\n          <\/div>\n        <\/div>\n        <div class=\"u-shape u-shape-circle u-white u-shape-2\"><\/div>\n      <\/div>\n    <\/section>\n    <section class=\"u-align-center u-clearfix u-container-align-center u-palette-1-base u-valign-middle-sm u-valign-middle-xs u-section-2\" id=\"carousel_e21f\">\n      <h4 class=\"u-text u-text-palette-1-light-2 u-text-1\">Fonctionnalit\u00e9s<\/h4>\n      <h1 class=\"u-text u-text-2\">Facilement accessible et s\u00e9curis\u00e9<\/h1>\n      <div class=\"u-expanded-width u-palette-4-light-1 u-shape u-shape-rectangle u-shape-1\"><\/div>\n      <div class=\"u-list u-list-1\">\n        <div class=\"u-repeater u-repeater-1\">\n          <div class=\"u-align-center u-container-align-center u-container-style u-list-item u-repeater-item u-shape-rectangle u-white u-list-item-1\">\n            <div class=\"u-container-layout u-similar-container u-valign-top u-container-layout-1\">\n              <img decoding=\"async\" src=\"https:\/\/sdns1.net\/wp-content\/uploads\/2025\/03\/3-1.jpg\" alt=\"\" class=\"u-expanded-width u-image u-image-default u-image-1\" data-image-width=\"900\" data-image-height=\"878\">\n              <h4 class=\"u-text u-text-palette-1-base u-text-3\">H\u00e9bergement Web<\/h4>\n              <p class=\"u-text u-text-palette-1-base u-text-4\">Pretium lectus quam id leo in vitae turpis. Mattis pellentesque id nibh tortor id.<\/p>\n            <\/div>\n          <\/div>\n          <div class=\"u-align-center u-container-align-center u-container-style u-list-item u-repeater-item u-shape-rectangle u-video-cover u-white u-list-item-2\">\n            <div class=\"u-container-layout u-similar-container u-valign-top u-container-layout-2\">\n              <img decoding=\"async\" src=\"https:\/\/sdns1.net\/wp-content\/uploads\/2025\/03\/22-1.jpg\" alt=\"\" class=\"u-expanded-width u-image u-image-default u-image-2\" data-image-width=\"900\" data-image-height=\"878\">\n              <h4 class=\"u-text u-text-palette-1-base u-text-5\">Stockage Cloude<\/h4>\n              <p class=\"u-text u-text-palette-1-base u-text-6\"> Nunc cons\u00e9quat interdum varius sit amet mattis vulputate enim nulla. Risus feugiat.<\/p>\n            <\/div>\n          <\/div>\n          <div class=\"u-align-center u-container-align-center u-container-style u-list-item u-repeater-item u-shape-rectangle u-video-cover u-white u-list-item-3\">\n            <div class=\"u-container-layout u-similar-container u-valign-top u-container-layout-3\">\n              <img decoding=\"async\" src=\"https:\/\/sdns1.net\/wp-content\/uploads\/2025\/03\/12-1.jpg\" alt=\"\" class=\"u-expanded-width u-image u-image-contain u-image-default u-image-3\" data-image-width=\"900\" data-image-height=\"878\">\n              <h4 class=\"u-text u-text-palette-1-base u-text-7\">Serveur VPS<\/h4>\n              <p class=\"u-text u-text-palette-1-base u-text-8\">Nisl purus in mollis nunc sed id sempre. Rhoncus aenean vel elit scelerisque mauris.<\/p>\n            <\/div>\n          <\/div>\n        <\/div>\n      <\/div>\n      <a href=\"#\" class=\"u-active-white u-border-0 u-btn u-btn-round u-button-style u-hover-white u-palette-4-light-1 u-radius-50 u-text-active-palette-1-base u-text-hover-palette-1-base u-text-palette-1-base u-btn-1\">apprendre encore plus<\/a>\n      <p class=\"u-text u-text-9\">Image de <a href=\"https:\/\/www.freepik.com\/vectors\/banner\" class=\"u-active-none u-border-1 u-border-white u-btn u-btn-2 u-button-link u-button-style u-hover-none u-none u-text-body-alt-color\" target=\"_blank\">Freepik<\/a>\n      <\/p>\n    <\/section>\n    <section class=\"u-align-center-lg u-align-center-md u-align-center-sm u-align-center-xs u-clearfix u-palette-1-base u-valign-middle-lg u-valign-middle-md u-valign-middle-sm u-valign-middle-xl u-section-3\" id=\"sec-a2e8\">\n      <div class=\"u-palette-4-light-1 u-shape u-shape-rectangle u-shape-1\"><\/div>\n      <div class=\"u-clearfix u-layout-wrap u-layout-wrap-1\">\n        <div class=\"u-layout\">\n          <div class=\"u-layout-row\">\n            <div class=\"u-container-style u-layout-cell u-size-60 u-layout-cell-1\">\n              <div class=\"u-container-layout u-container-layout-1\">\n                <h2 class=\"u-text u-text-1\">Visualisation de donn\u00e9es<\/h2>\n                <img decoding=\"async\" src=\"https:\/\/sdns1.net\/wp-content\/uploads\/2025\/03\/1055-Converted1-1.jpg\" alt=\"\" class=\"u-expanded-width u-image u-image-default u-image-1\" data-image-width=\"1980\" data-image-height=\"1320\">\n                <p class=\"u-text u-text-body-alt-color u-text-2\">Image de <b>\n                    <a href=\"https:\/\/www.freepik.com\/vectors\/computer\" class=\"u-border-1 u-border-white u-btn u-btn-1 u-button-link u-button-style u-none u-text-body-alt-color\" target=\"_blank\"> Freepik <\/a><\/b>\n                <\/p>\n              <\/div>\n            <\/div>\n          <\/div>\n        <\/div>\n      <\/div>\n      <div class=\"u-list u-list-1\">\n        <div class=\"u-repeater u-repeater-1\">\n          <div class=\"u-container-style u-list-item u-repeater-item\">\n            <div class=\"u-container-layout u-similar-container u-container-layout-2\">\n              <h3 class=\"u-text u-text-3\">01. \u00c0 propos<\/h3>\n              <p class=\"u-text u-text-4\">Sample text. Click to select the text box. Click again or double click to start editing the text.<\/p>\n              <a href=\"#\" class=\"u-active-none u-border-2 u-border-no-left u-border-no-right u-border-no-top u-border-white u-btn u-button-style u-hover-none u-none u-text-active-palette-2-light-3 u-text-body-alt-color u-text-hover-palette-3-light-3 u-btn-2\">Suite<\/a>\n            <\/div>\n          <\/div>\n          <div class=\"u-container-style u-list-item u-repeater-item\">\n            <div class=\"u-container-layout u-similar-container u-container-layout-3\">\n              <h3 class=\"u-text u-text-5\">02. Nuage<\/h3>\n              <p class=\"u-text u-text-6\">Sample text. Click to select the text box. Click again or double click to start editing the text.<\/p>\n              <a href=\"#\" class=\"u-active-none u-border-2 u-border-no-left u-border-no-right u-border-no-top u-border-white u-btn u-button-style u-hover-none u-none u-text-active-palette-2-light-3 u-text-body-alt-color u-text-hover-palette-3-light-3 u-btn-3\">plus <span class=\"u-text-body-alt-color\"><\/span>\n                <span class=\"u-text-body-alt-color\"><\/span>\n              <\/a>\n            <\/div>\n          <\/div>\n        <\/div>\n      <\/div>\n    <\/section>\n    <section class=\"u-clearfix u-color-scheme-u10 u-color-style-multicolor-1 u-palette-4-light-1 u-section-4\" id=\"sec-d871\">\n      <div class=\"u-clearfix u-sheet u-valign-middle u-sheet-1\">\n        <div class=\"u-clearfix u-expanded-width u-layout-wrap u-layout-wrap-1\">\n          <div class=\"u-layout\">\n            <div class=\"u-layout-row\">\n              <div class=\"u-align-center-sm u-align-center-xs u-align-left-lg u-align-left-md u-align-left-xl u-container-style u-layout-cell u-left-cell u-size-42 u-layout-cell-1\">\n                <div class=\"u-container-layout u-valign-middle u-container-layout-1\">\n                  <h3 class=\"u-custom-font u-font-ubuntu u-text u-text-1\">Nos employ\u00e9s font la diff\u00e9rence!<\/h3>\n                <\/div>\n              <\/div>\n              <div class=\"u-align-center u-container-align-center u-container-style u-layout-cell u-right-cell u-size-18 u-layout-cell-2\">\n                <div class=\"u-container-layout u-valign-middle u-container-layout-2\">\n                  <a href=\"###\" class=\"u-active-palette-4-base u-border-0 u-btn u-btn-round u-button-style u-hover-palette-4-base u-palette-1-base u-radius-50 u-btn-1\">Lire la suite<\/a>\n                <\/div>\n              <\/div>\n            <\/div>\n          <\/div>\n        <\/div>\n      <\/div>\n    <\/section>\n    <section class=\"u-clearfix u-palette-1-dark-1 u-section-5\" id=\"sec-ed1e\">\n      <div class=\"u-clearfix u-sheet u-valign-middle-xl u-valign-middle-xs u-sheet-1\">\n        <div class=\"u-palette-4-light-1 u-shape u-shape-circle u-shape-1\"><\/div>\n        <div class=\"u-clearfix u-layout-wrap u-layout-wrap-1\">\n          <div class=\"u-layout\">\n            <div class=\"u-layout-row\">\n              <div class=\"u-align-left u-container-align-left u-container-style u-layout-cell u-left-cell u-shape-rectangle u-size-23 u-white u-layout-cell-1\">\n                <div class=\"u-container-layout u-valign-middle u-container-layout-1\">\n                  <p class=\"u-text u-text-1\">Vitae congue mauris rhoncus aenean vel elit scelerisque. Consequat nisl vel pretium lectus quam id leo in vitae. Dictum sit amet justo donec enim diam vulputate.&nbsp;<br>\n                    <br>Image from <a href=\"https:\/\/www.freepik.com\/vectors\/infographic\" class=\"u-active-none u-border-1 u-border-black u-btn u-btn-1 u-button-link u-button-style u-hover-none u-none u-text-body-color\" target=\"_blank\">Freepik<\/a>\n                  <\/p>\n                  <a href=\"#\" class=\"u-btn u-btn-round u-button-style u-hover-palette-1-dark-1 u-palette-1-base u-radius-50 u-btn-2\">apprendre encore plus<\/a>\n                <\/div>\n              <\/div>\n              <div class=\"u-align-center u-container-align-center u-container-style u-image u-layout-cell u-right-cell u-size-37 u-image-1\" data-image-width=\"1200\" data-image-height=\"1233\" style=\"background-image: url(&quot;https:\/\/sdns1.net\/wp-content\/uploads\/2025\/03\/gffgfg-min-1.jpg&quot;);\">\n                <div class=\"u-container-layout u-valign-top u-container-layout-2\"><\/div>\n              <\/div>\n            <\/div>\n          <\/div>\n        <\/div>\n        <div class=\"u-align-left u-container-align-left u-container-style u-group u-palette-4-light-1 u-group-1\">\n          <div class=\"u-container-layout u-valign-middle u-container-layout-3\">\n            <h3 class=\"u-custom-font u-font-pt-sans u-text u-text-palette-1-base u-text-2\">Les services de colocation et de cloud offrent aux entreprises des alternatives au logement de leurs donn\u00e9es<\/h3>\n          <\/div>\n        <\/div>\n      <\/div>\n    <\/section>\n    <section class=\"u-clearfix u-palette-1-base u-section-6\" id=\"sec-14cc\">\n      <div class=\"u-clearfix u-sheet u-valign-middle u-sheet-1\">\n        <div class=\"u-clearfix u-expanded-width u-layout-wrap u-layout-wrap-1\">\n          <div class=\"u-layout\">\n            <div class=\"u-layout-row\">\n              <div class=\"u-container-style u-layout-cell u-left-cell u-size-30 u-layout-cell-1\">\n                <div class=\"u-container-layout u-valign-top u-container-layout-1\">\n                  <h1 class=\"u-text u-text-1\">Infrastructure \u00e0 haute disponibilit\u00e9<\/h1>\n                  <div class=\"u-palette-4-light-1 u-shape u-shape-circle u-shape-1\"><\/div>\n                <\/div>\n              <\/div>\n              <div class=\"u-container-style u-layout-cell u-right-cell u-size-30 u-layout-cell-2\">\n                <div class=\"u-container-layout u-valign-top u-container-layout-2\">\n                  <p class=\"u-text u-text-2\">Egestas purus viverra accumsan in nisl nisi scelerisque eu ultrices. Malesuada proin libero nunc consequat interdum varius sit amet mattis. Pharetra pharetra massa massa ultricies mi quis hendrerit dolor. Proin nibh nisl condimentum id venenatis a condimentum vitae sapien.&nbsp;<\/p>\n                  <a href=\"###\" class=\"u-active-white u-btn u-btn-round u-button-style u-hover-white u-palette-4-light-1 u-radius-50 u-text-active-palette-1-base u-text-hover-palette-1-base u-text-palette-1-base u-btn-1\">Nous contacter<\/a>\n                <\/div>\n              <\/div>\n            <\/div>\n          <\/div>\n        <\/div>\n      <\/div>\n    <\/section>\n    <section class=\"u-align-center u-clearfix u-container-align-center u-palette-1-base u-section-7\" id=\"sec-5d76\">\n      <div class=\"u-clearfix u-sheet u-valign-middle-lg u-valign-middle-sm u-valign-middle-xs u-sheet-1\">\n        <div class=\"u-expanded-width u-palette-4-light-1 u-shape u-shape-rectangle u-shape-1\"><\/div>\n        <img decoding=\"async\" class=\"u-align-left u-image u-left-0 u-image-1\" data-image-width=\"1600\" data-image-height=\"1000\" src=\"https:\/\/sdns1.net\/wp-content\/uploads\/2025\/03\/xsx-1.jpg\">\n        <h2 class=\"u-text u-text-1\">H\u00e9bergement Datacenter<\/h2>\n        <p class=\"u-text u-text-2\">Pretium lectus quam id leo in vitae turpis. Mattis pellentesque id nibh tortor id. Nunc consequat interdum varius sit amet mattis vulputate enim nulla. Risus feugiat in ante metus dictum at tempor commodo. <\/p>\n        <p class=\"u-text u-text-3\">Image de <a href=\"https:\/\/www.freepik.com\/vectors\/infographic\" class=\"u-active-none u-border-1 u-border-white u-btn u-btn-1 u-button-link u-button-style u-hover-none u-none u-text-body-alt-color\" target=\"_blank\">Freepik<\/a>\n        <\/p>\n        <a href=\"#\" class=\"u-active-white u-border-0 u-btn u-btn-round u-button-style u-hover-white u-palette-4-light-1 u-radius-50 u-text-active-palette-1-base u-text-hover-palette-1-base u-text-palette-1-base u-btn-2\">apprendre encore plus<\/a>\n      <\/div>\n    <\/section>\n    <section class=\"u-clearfix u-palette-1-base u-section-8\" id=\"carousel_6c7c\">\n      <div class=\"u-clearfix u-sheet u-valign-middle-lg u-valign-middle-xs u-sheet-1\">\n        <div class=\"u-expanded-height-lg u-expanded-height-md u-expanded-width-sm u-expanded-width-xs u-palette-4-light-1 u-shape u-shape-rectangle u-shape-1\"><\/div>\n        <div class=\"u-clearfix u-layout-wrap u-layout-wrap-1\">\n          <div class=\"u-gutter-0 u-layout\">\n            <div class=\"u-layout-row\">\n              <div class=\"u-container-style u-image u-layout-cell u-left-cell u-size-30 u-image-1\" data-image-width=\"1200\" data-image-height=\"959\" style=\"background-image: url(&quot;https:\/\/sdns1.net\/wp-content\/uploads\/2025\/03\/b4f60df5-647e-b99f-a687-ec47c26aa869-1.jpg&quot;);\">\n                <div class=\"u-container-layout u-container-layout-1\"><\/div>\n              <\/div>\n              <div class=\"u-align-center u-container-align-center u-container-style u-layout-cell u-right-cell u-size-30 u-layout-cell-2\">\n                <div class=\"u-container-layout u-valign-middle u-container-layout-2\">\n                  <div class=\"u-expanded-width u-form u-form-1\">\n                    <form action=\"https:\/\/forms.nicepagesrv.com\/v2\/form\/process\" class=\"u-block-eb63-9 u-clearfix u-form-spacing-15 u-form-vertical u-inner-form\" source=\"email\"><!-- hidden inputs for siteId and pageId -->\n                      <div class=\"u-form-group u-form-name\">\n                        <label for=\"name-76c6\" class=\"u-form-control-hidden u-label u-label-1\">Name<\/label>\n                        <input type=\"text\" placeholder=\"Enter your Name\" id=\"name-76c6\" name=\"name\" class=\"u-border-3 u-border-no-left u-border-no-right u-border-no-top u-border-white u-input u-input-rectangle\" required=\"\">\n                      <\/div><!-- always visible -->\n                      <div class=\"u-form-email u-form-group\">\n                        <label for=\"email-76c6\" class=\"u-form-control-hidden u-label u-label-2\">Email<\/label>\n                        <input type=\"email\" placeholder=\"Enter a valid email address\" id=\"email-76c6\" name=\"email\" class=\"u-border-3 u-border-no-left u-border-no-right u-border-no-top u-border-white u-input u-input-rectangle\" required=\"\">\n                      <\/div>\n                      <div class=\"u-form-group u-form-message\">\n                        <label for=\"message-76c6\" class=\"u-form-control-hidden u-label u-label-3\">Message<\/label>\n                        <textarea placeholder=\"Enter your message\" rows=\"4\" cols=\"50\" id=\"message-76c6\" name=\"message\" class=\"u-border-3 u-border-no-left u-border-no-right u-border-no-top u-border-white u-input u-input-rectangle\" required=\"\"><\/textarea>\n                      <\/div>\n                      <div class=\"u-align-center u-form-group u-form-submit\">\n                        <a href=\"#\" class=\"u-btn u-btn-submit u-button-style u-hover-palette-1-dark-1 u-palette-4-base u-btn-1\">Nous faire parvenir<\/a>\n                        <input type=\"submit\" value=\"submit\" class=\"u-form-control-hidden\">\n                      <\/div>\n                      <div class=\"u-form-send-message u-form-send-success\"> Thank you! Your message has been sent. <\/div>\n                      <div class=\"u-form-send-error u-form-send-message\"> Unable to send your message. Please fix errors then try again. <\/div>\n                      <input type=\"hidden\" value=\"\" name=\"recaptchaResponse\">\n                      <input type=\"hidden\" name=\"formServices\" value=\"\">\n                      <input type=\"hidden\" name=\"siteKey\" value=\"6Ldr_eQqAAAAAJ_Q9BNnS5tilaBNay3AxPN8PMQY\">\n                    <\/form>\n                  <\/div>\n                  <p class=\"u-align-center u-text u-text-1\">Image de <a href=\"https:\/\/www.freepik.com\/vectors\/banner\" class=\"u-active-none u-border-1 u-border-white u-btn u-btn-2 u-button-link u-button-style u-hover-none u-none u-text-body-alt-color\" target=\"_blank\">Freepik<\/a>\n                  <\/p>\n                <\/div>\n              <\/div>\n            <\/div>\n          <\/div>\n        <\/div>\n      <\/div>\n    <\/section>\n    \n    \n    \n    \n    \n    \n    \n    \n    \n    \n    \n    \n    \n    \n    \n    \n    \n  \n","protected":false},"excerpt":{"rendered":"<p>Centre de donn\u00e9es s\u00e9curis\u00e9 Quis viverra nibh cras pulvinar mattis nunc sed. Lacus sed turpis tincidunt id aliquet risus feugiat in. Auctor augue mauris augue neque gravida in fermentum et. Feugiat in fermentum posuere urna. Image de Freepik apprendre encore plus Fonctionnalit\u00e9s Facilement accessible et s\u00e9curis\u00e9 H\u00e9bergement Web Pretium lectus quam id leo in vitae &hellip; <a href=\"https:\/\/sdns1.net\/?page_id=698\" class=\"more-link\">Continue reading<span class=\"screen-reader-text\"> \u00ab\u00a0CloudSDNS\u00a0\u00bb<\/span><\/a><\/p>\n","protected":false},"author":1,"featured_media":0,"parent":0,"menu_order":1,"comment_status":"closed","ping_status":"closed","template":"","meta":{"footnotes":""},"class_list":["post-698","page","type-page","status-publish","hentry"],"_links":{"self":[{"href":"https:\/\/sdns1.net\/index.php?rest_route=\/wp\/v2\/pages\/698","targetHints":{"allow":["GET"]}}],"collection":[{"href":"https:\/\/sdns1.net\/index.php?rest_route=\/wp\/v2\/pages"}],"about":[{"href":"https:\/\/sdns1.net\/index.php?rest_route=\/wp\/v2\/types\/page"}],"author":[{"embeddable":true,"href":"https:\/\/sdns1.net\/index.php?rest_route=\/wp\/v2\/users\/1"}],"replies":[{"embeddable":true,"href":"https:\/\/sdns1.net\/index.php?rest_route=%2Fwp%2Fv2%2Fcomments&post=698"}],"version-history":[{"count":1,"href":"https:\/\/sdns1.net\/index.php?rest_route=\/wp\/v2\/pages\/698\/revisions"}],"predecessor-version":[{"id":726,"href":"https:\/\/sdns1.net\/index.php?rest_route=\/wp\/v2\/pages\/698\/revisions\/726"}],"wp:attachment":[{"href":"https:\/\/sdns1.net\/index.php?rest_route=%2Fwp%2Fv2%2Fmedia&parent=698"}],"curies":[{"name":"wp","href":"https:\/\/api.w.org\/{rel}","templated":true}]}}